{"id":8982,"date":"2024-04-28T07:31:13","date_gmt":"2024-04-28T05:31:13","guid":{"rendered":"https:\/\/www.fc-ostheim.de\/?page_id=8982"},"modified":"2024-04-28T08:32:11","modified_gmt":"2024-04-28T06:32:11","slug":"anfahrt-parkplaetze","status":"publish","type":"page","link":"https:\/\/www.fc-ostheim.de\/?page_id=8982","title":{"rendered":"Anfahrt, Parkpl\u00e4tze"},"content":{"rendered":"<a class=\"wpptopdf\" target=\"_blank\" rel=\"noindex,nofollow\" href=\"https:\/\/www.fc-ostheim.de\/?page_id=8982&format=pdf\" title=\"Download PDF\"><img decoding=\"async\" alt=\"Download PDF\" src=\"https:\/\/www.fc-ostheim.de\/wp-content\/plugins\/wp-post-to-pdf\/asset\/images\/pdf.png\"><\/a><h6 style=\"text-align: justify;\"><img loading=\"lazy\" decoding=\"async\" class=\"aligncenter size-full wp-image-8932\" src=\"https:\/\/www.fc-ostheim.de\/wp-content\/uploads\/2024\/04\/EidR-Banner.jpg\" alt=\"\" width=\"1494\" height=\"484\" \/><\/h6>\n<h6 style=\"text-align: justify;\"><\/h6>\n<p>&nbsp;<\/p>\n<h6 style=\"text-align: justify;\"><\/h6>\n<h6 style=\"text-align: justify;\"><span style=\"font-family: Arial, Helvetica, sans-serif; font-size: 14px;\"><img loading=\"lazy\" decoding=\"async\" class=\"size-full wp-image-8987 alignleft\" src=\"https:\/\/www.fc-ostheim.de\/wp-content\/uploads\/2024\/04\/Anreise.jpg\" alt=\"\" width=\"69\" height=\"70\" \/>Wir m\u00f6chten Euch bitten die M\u00f6glichkeit zu nutzen mit \u00f6ffentlichen Verkehrsmitteln anzureisen bzw. Fahrgemeinschaften zu bilden. Da wir nur eine begrenzte Anzahl von kostenlosen Parkpl\u00e4tzen im Bereich des Sportplatzgel\u00e4ndes haben, ist aufgrund der hohen Besucherzahl damit zu rechnen, dass die vorhandenen Parkpl\u00e4tze schnell belegt sein werden und es im Bereich um den Sportplatz durch das hohe Fahrzeugaufkommen zu Wartezeiten, zum R\u00fcckstau und erheblichen Behinderungen kommt. Weitere Stellpl\u00e4tze sind z.B. am Bahnhof, Bauhof und im gesamten Ortsbereich ausreichend vorhanden. Ihr erreicht unseren Sportplatz innerhalb weniger Minuten bequem zu Fu\u00df.<\/span><\/h6>\n<p>&nbsp;<\/p>\n<p><img loading=\"lazy\" decoding=\"async\" class=\"alignleft size-full wp-image-9002\" src=\"https:\/\/www.fc-ostheim.de\/wp-content\/uploads\/2024\/04\/Wir-freuen-uns-auf-Euch-1.jpg\" alt=\"\" width=\"1277\" height=\"501\" srcset=\"https:\/\/www.fc-ostheim.de\/wp-content\/uploads\/2024\/04\/Wir-freuen-uns-auf-Euch-1.jpg 1277w, https:\/\/www.fc-ostheim.de\/wp-content\/uploads\/2024\/04\/Wir-freuen-uns-auf-Euch-1-300x118.jpg 300w, https:\/\/www.fc-ostheim.de\/wp-content\/uploads\/2024\/04\/Wir-freuen-uns-auf-Euch-1-1024x402.jpg 1024w, https:\/\/www.fc-ostheim.de\/wp-content\/uploads\/2024\/04\/Wir-freuen-uns-auf-Euch-1-768x301.jpg 768w\" sizes=\"auto, (max-width: 1277px) 100vw, 1277px\" \/><\/p>\n<h6><\/h6>\n<h6 style=\"text-align: justify;\"><span style=\"font-family: Arial, Helvetica, sans-serif; font-size: 14px;\">N\u00e4heres zum gro\u00dfen Geburtstagsprogramm mit Hitradio FFH, Lotto Hessen. der Eintracht Frankfurt Fu\u00dfballschule und unserem Spiel gegen die Eintracht Frankfurt Traditionsmannschaft erhaltet Ihr auf unserer Webseite\u00a0<a href=\"https:\/\/www.fc-ostheim.de\/\">www.fc-ostheim.de<\/a> und nat\u00fcrlich auf der Eintracht Webseite\u00a0<\/span><span style=\"font-family: Arial, Helvetica, sans-serif; font-size: 14px;\"><a href=\"https:\/\/www.fc-ostheim.de\/https;\/\/www.eintracht.de\">www.eintracht.de<\/a> und <a href=\"https:\/\/www.eintracht.de\/inderregion\/\">www.eintracht.de\/inderregion<\/a><\/span><\/h6>\n","protected":false},"excerpt":{"rendered":"<p>&nbsp; Wir m\u00f6chten Euch bitten die M\u00f6glichkeit zu nutzen mit \u00f6ffentlichen Verkehrsmitteln anzureisen bzw. Fahrgemeinschaften zu bilden. Da wir nur eine begrenzte Anzahl von kostenlosen Parkpl\u00e4tzen im Bereich des Sportplatzgel\u00e4ndes haben, ist aufgrund der hohen Besucherzahl damit zu rechnen, dass <a class=\"more-link\" href=\"https:\/\/www.fc-ostheim.de\/?page_id=8982\">weiterlesen&#8230;<\/a><\/p>\n","protected":false},"author":12,"featured_media":0,"parent":0,"menu_order":0,"comment_status":"closed","ping_status":"closed","template":"","meta":{"footnotes":""},"class_list":["post-8982","page","type-page","status-publish","hentry"],"_links":{"self":[{"href":"https:\/\/www.fc-ostheim.de\/index.php?rest_route=\/wp\/v2\/pages\/8982","targetHints":{"allow":["GET"]}}],"collection":[{"href":"https:\/\/www.fc-ostheim.de\/index.php?rest_route=\/wp\/v2\/pages"}],"about":[{"href":"https:\/\/www.fc-ostheim.de\/index.php?rest_route=\/wp\/v2\/types\/page"}],"author":[{"embeddable":true,"href":"https:\/\/www.fc-ostheim.de\/index.php?rest_route=\/wp\/v2\/users\/12"}],"replies":[{"embeddable":true,"href":"https:\/\/www.fc-ostheim.de\/index.php?rest_route=%2Fwp%2Fv2%2Fcomments&post=8982"}],"version-history":[{"count":13,"href":"https:\/\/www.fc-ostheim.de\/index.php?rest_route=\/wp\/v2\/pages\/8982\/revisions"}],"predecessor-version":[{"id":9008,"href":"https:\/\/www.fc-ostheim.de\/index.php?rest_route=\/wp\/v2\/pages\/8982\/revisions\/9008"}],"wp:attachment":[{"href":"https:\/\/www.fc-ostheim.de\/index.php?rest_route=%2Fwp%2Fv2%2Fmedia&parent=8982"}],"curies":[{"name":"wp","href":"https:\/\/api.w.org\/{rel}","templated":true}]}}