{"id":7754,"date":"2019-02-27T16:20:23","date_gmt":"2019-02-27T14:20:23","guid":{"rendered":"https:\/\/www.fc-ostheim.de\/?page_id=7754"},"modified":"2019-09-19T08:56:03","modified_gmt":"2019-09-19T06:56:03","slug":"no-limits","status":"publish","type":"page","link":"https:\/\/www.fc-ostheim.de\/?page_id=7754","title":{"rendered":"No Limits"},"content":{"rendered":"<a class=\"wpptopdf\" target=\"_blank\" rel=\"noindex,nofollow\" href=\"https:\/\/www.fc-ostheim.de\/?page_id=7754&format=pdf\" title=\"Download PDF\"><img decoding=\"async\" alt=\"Download PDF\" src=\"https:\/\/www.fc-ostheim.de\/wp-content\/plugins\/wp-post-to-pdf\/asset\/images\/pdf.png\"><\/a>\r\n<p>Die NoLimits sind M\u00e4dels der 3. und 4. Klasse und trainieren dienstags von 16:30 &#8211; 17:30 Uhr im B\u00fcrgerhaus Ostheim. Ihre Trainerinnen sind Regina Bednarz und Maren M\u00fcller.<\/p>\r\n\r\n\r\n\r\n<figure class=\"wp-block-image\"><img loading=\"lazy\" decoding=\"async\" width=\"1024\" height=\"920\" class=\"wp-image-7768\" src=\"https:\/\/www.fc-ostheim.de\/wp-content\/uploads\/2019\/03\/IMG_E6240-1024x920.jpg\" alt=\"\" srcset=\"https:\/\/www.fc-ostheim.de\/wp-content\/uploads\/2019\/03\/IMG_E6240-1024x920.jpg 1024w, https:\/\/www.fc-ostheim.de\/wp-content\/uploads\/2019\/03\/IMG_E6240-300x270.jpg 300w, https:\/\/www.fc-ostheim.de\/wp-content\/uploads\/2019\/03\/IMG_E6240-768x690.jpg 768w\" sizes=\"auto, (max-width: 1024px) 100vw, 1024px\" \/><\/figure>\r\n","protected":false},"excerpt":{"rendered":"<p>Die NoLimits sind M\u00e4dels der 3. und 4. Klasse und trainieren dienstags von 16:30 &#8211; 17:30 Uhr im B\u00fcrgerhaus Ostheim. Ihre Trainerinnen sind Regina Bednarz und Maren M\u00fcller.<\/p>\n","protected":false},"author":1,"featured_media":0,"parent":0,"menu_order":0,"comment_status":"closed","ping_status":"closed","template":"","meta":{"footnotes":""},"class_list":["post-7754","page","type-page","status-publish","hentry"],"_links":{"self":[{"href":"https:\/\/www.fc-ostheim.de\/index.php?rest_route=\/wp\/v2\/pages\/7754","targetHints":{"allow":["GET"]}}],"collection":[{"href":"https:\/\/www.fc-ostheim.de\/index.php?rest_route=\/wp\/v2\/pages"}],"about":[{"href":"https:\/\/www.fc-ostheim.de\/index.php?rest_route=\/wp\/v2\/types\/page"}],"author":[{"embeddable":true,"href":"https:\/\/www.fc-ostheim.de\/index.php?rest_route=\/wp\/v2\/users\/1"}],"replies":[{"embeddable":true,"href":"https:\/\/www.fc-ostheim.de\/index.php?rest_route=%2Fwp%2Fv2%2Fcomments&post=7754"}],"version-history":[{"count":3,"href":"https:\/\/www.fc-ostheim.de\/index.php?rest_route=\/wp\/v2\/pages\/7754\/revisions"}],"predecessor-version":[{"id":7859,"href":"https:\/\/www.fc-ostheim.de\/index.php?rest_route=\/wp\/v2\/pages\/7754\/revisions\/7859"}],"wp:attachment":[{"href":"https:\/\/www.fc-ostheim.de\/index.php?rest_route=%2Fwp%2Fv2%2Fmedia&parent=7754"}],"curies":[{"name":"wp","href":"https:\/\/api.w.org\/{rel}","templated":true}]}}