{"id":18,"date":"2013-05-08T13:08:41","date_gmt":"2013-05-08T11:08:41","guid":{"rendered":"http:\/\/www.fc-ostheim.de\/?page_id=18"},"modified":"2024-04-12T11:57:49","modified_gmt":"2024-04-12T09:57:49","slug":"impressum","status":"publish","type":"page","link":"https:\/\/www.fc-ostheim.de\/?page_id=18","title":{"rendered":"Impressum"},"content":{"rendered":"<a class=\"wpptopdf\" target=\"_blank\" rel=\"noindex,nofollow\" href=\"https:\/\/www.fc-ostheim.de\/?page_id=18&format=pdf\" title=\"Download PDF\"><img decoding=\"async\" alt=\"Download PDF\" src=\"https:\/\/www.fc-ostheim.de\/wp-content\/plugins\/wp-post-to-pdf\/asset\/images\/pdf.png\"><\/a><p><span style=\"font-family: arial,helvetica,sans-serif; font-size: small;\"><b>Verantwortlicher Seitenbetreiber<\/b><\/span><\/p>\n<p style=\"text-align: left;\">\u00a0<a href=\"https:\/\/www.fc-ostheim.de\/wp-content\/uploads\/2013\/05\/Wappen-Schriftzug.jpg\" target=\"_blank\" rel=\"noopener noreferrer\"><img loading=\"lazy\" decoding=\"async\" class=\"wp-image-6477 size-medium alignleft\" src=\"https:\/\/www.fc-ostheim.de\/wp-content\/uploads\/2013\/05\/Wappen-Schriftzug-300x86.jpg\" alt=\"Wappen-Schriftzug\" width=\"300\" height=\"86\" srcset=\"https:\/\/www.fc-ostheim.de\/wp-content\/uploads\/2013\/05\/Wappen-Schriftzug-300x86.jpg 300w, https:\/\/www.fc-ostheim.de\/wp-content\/uploads\/2013\/05\/Wappen-Schriftzug.jpg 545w\" sizes=\"auto, (max-width: 300px) 100vw, 300px\" \/><\/a><\/p>\n<p>&nbsp;<\/p>\n<p>&nbsp;<\/p>\n<p><strong><span style=\"font-family: Arial,Helvetica,sans-serif; font-size: 14px;\">Fu\u00dfball-Club &#8222;Sportfreunde&#8220; 1924 Ostheim e.V.,\u00a0Postfach 5145,\u00a061125 Nidderau\u00a0<\/span><\/strong><\/p>\n<h6 style=\"text-align: justify;\"><span style=\"font-family: arial,helvetica,sans-serif; font-size: small;\"><b>Vertretungsberechtigerter Vorstand<br \/>\n<\/b>Vorstandsv<\/span><span style=\"font-family: arial,helvetica,sans-serif; font-size: small;\">orsitzender: J\u00f6rg Duckwitz<br \/>\n2. Vorsitzender: Adrian Michalski<br \/>\n3. Vorsitzende: Sybille Heick<br \/>\nVorstand Finanzen: Elisa Heldmann<\/span><br \/>\n<span style=\"font-family: arial,helvetica,sans-serif; font-size: small;\">Internet: <a href=\"https:\/\/www.fc-ostheim.de\/\">https:\/\/www.fc-ostheim.de<\/a><\/span><br \/>\n<span style=\"font-family: arial,helvetica,sans-serif; font-size: small;\">eMail: buero(at)fc-ostheim.de<\/span><br \/>\n<span style=\"font-family: arial,helvetica,sans-serif; font-size: small;\">Amtsgericht Hanau, VR 410<\/span><br \/>\n<span style=\"font-family: arial,helvetica,sans-serif; font-size: small;\">Steuernummer 022 250 00057, Finanzamt Hanau<\/span><br \/>\n<span style=\"font-family: arial,helvetica,sans-serif; font-size: small;\">Inhaltlich Verantwortlicher gem\u00e4\u00df \u00a7 6 MDStV: J\u00f6rg Duckwitz<\/span><\/p>\n<p><span style=\"font-family: arial,helvetica,sans-serif; font-size: small;\"><b>Haftung f\u00fcr Inhalte | <\/b><\/span><span style=\"font-family: arial,helvetica,sans-serif; font-size: small;\">Die Inhalte unserer Seiten wurden mit gr\u00f6\u00dfter Sorgfalt erstellt. F\u00fcr die Richtigkeit, Vollst\u00e4ndigkeit und Aktualit\u00e4t der Inhalte k\u00f6nnen wir jedoch keine Gew\u00e4hr \u00fcbernehmen. Als Diensteanbieter sind wir gem\u00e4\u00df \u00a7 7 Abs.1 TMG f\u00fcr eigene Inhalte auf diesen Seiten nach den allgemeinen Gesetzen verantwortlich. Nach \u00a7\u00a7 8 bis 10 TMG sind wir als Diensteanbieter jedoch nicht verpflichtet, \u00fcbermittelte oder gespeicherte fremde Informationen zu \u00fcberwachen oder nach Umst\u00e4nden zu forschen, die auf eine rechtswidrige T\u00e4tigkeit hinweisen. Verpflichtungen zur Entfernung oder Sperrung der Nutzung von Informationen nach den allgemeinen Gesetzen bleiben hiervon unber\u00fchrt. Eine diesbez\u00fcgliche Haftung ist jedoch erst ab dem Zeitpunkt der Kenntnis einer konkreten Rechtsverletzung m\u00f6glich. Bei Bekanntwerden von entsprechenden Rechtsverletzungen werden wir diese Inhalte umgehend entfernen.<\/span><\/h6>\n<p style=\"text-align: justify;\"><span style=\"font-family: arial,helvetica,sans-serif; font-size: small;\"><b>Haftung f\u00fcr Links | <\/b><\/span><span style=\"font-family: arial,helvetica,sans-serif; font-size: small;\">Unser Angebot enth\u00e4lt Links zu externen Webseiten Dritter, auf deren Inhalte wir keinen Einfluss haben. Deshalb k\u00f6nnen wir f\u00fcr diese fremden Inhalte auch keine Gew\u00e4hr \u00fcbernehmen. F\u00fcr die Inhalte der verlinkten Seiten ist stets der jeweilige Anbieter oder Betreiber der Seiten verantwortlich. Die verlinkten Seiten wurden zum Zeitpunkt der Verlinkung auf m\u00f6gliche Rechtsverst\u00f6\u00dfe \u00fcberpr\u00fcft. Rechtswidrige Inhalte waren zum Zeitpunkt der Verlinkung nicht erkennbar. Eine permanente inhaltliche Kontrolle der verlinkten Seiten ist jedoch ohne konkrete Anhaltspunkte einer Rechtsverletzung nicht zumutbar. Bei Bekanntwerden von Rechtsverletzungen werden wir derartige Links umgehend entfernen.<\/span><\/p>\n<p style=\"text-align: justify;\"><span style=\"font-family: arial,helvetica,sans-serif; font-size: small;\"><b>Urheberrecht | <\/b><\/span><span style=\"font-family: arial,helvetica,sans-serif; font-size: small;\">Die durch die Seitenbetreiber erstellten Inhalte und Werke auf diesen Seiten unterliegen dem deutschen Urheberrecht. Die Vervielf\u00e4ltigung, Bearbeitung, Verbreitung und jede Art der Verwertung au\u00dferhalb der Grenzen des Urheberrechtes bed\u00fcrfen der schriftlichen Zustimmung des jeweiligen Autors bzw. Erstellers. Downloads und Kopien dieser Seite sind nur f\u00fcr den privaten, nicht kommerziellen Gebrauch gestattet. Soweit die Inhalte auf dieser Seite nicht vom Betreiber erstellt wurden, werden die Urheberrechte Dritter beachtet. Insbesondere werden Inhalte Dritter als solche gekennzeichnet. Sollten Sie trotzdem auf eine Urheberrechtsverletzung aufmerksam werden, bitten wir um einen entsprechenden Hinweis. Bei Bekanntwerden von Rechtsverletzungen werden wir derartige Inhalte umgehend entfernen.<\/span><\/p>\n<p style=\"text-align: justify;\"><span style=\"font-family: arial,helvetica,sans-serif; font-size: small;\"><b>Datenschutz | <\/b><\/span><span style=\"font-family: arial,helvetica,sans-serif; font-size: small;\">Die Nutzung unserer Webseite ist in der Regel ohne Angabe personenbezogener Daten m\u00f6glich. Soweit auf unseren Seiten personenbezogene Daten (beispielsweise Name, Anschrift oder eMail-Adressen) erhoben werden, erfolgt dies, soweit m\u00f6glich, stets auf freiwilliger Basis. Diese Daten werden ohne Ihre ausdr\u00fcckliche Zustimmung nicht an Dritte weitergegeben. Wir weisen darauf hin, dass die Daten\u00fcbertragung im Internet (z.B. bei der Kommunikation per E-Mail) Sicherheitsl\u00fccken aufweisen kann. Ein l\u00fcckenloser Schutz der Daten vor dem Zugriff durch Dritte ist nicht m\u00f6glich. Der Nutzung von im Rahmen der Impressumspflicht ver\u00f6ffentlichten Kontaktdaten durch Dritte zur \u00dcbersendung von nicht ausdr\u00fccklich angeforderter Werbung und Informationsmaterialien wird hiermit ausdr\u00fccklich widersprochen. Die Betreiber der Seiten behalten sich ausdr\u00fccklich rechtliche Schritte im Falle der unverlangten Zusendung von Werbeinformationen, etwa durch Spam-Mails, vor.<\/span><\/p>\n<p><span style=\"font-family: arial,helvetica,sans-serif; font-size: small;\">[Quelle: <a href=\"http:\/\/www.e-recht24.de\/\" target=\"_blank\" rel=\"noopener noreferrer\">www.e-recht24.de<\/a>]<\/span><\/p>\n","protected":false},"excerpt":{"rendered":"<p>Verantwortlicher Seitenbetreiber \u00a0 &nbsp; &nbsp; Fu\u00dfball-Club &#8222;Sportfreunde&#8220; 1924 Ostheim e.V.,\u00a0Postfach 5145,\u00a061125 Nidderau\u00a0 Vertretungsberechtigerter Vorstand Vorstandsvorsitzender: J\u00f6rg Duckwitz 2. Vorsitzender: Adrian Michalski 3. Vorsitzende: Sybille Heick Vorstand Finanzen: Elisa Heldmann Internet: https:\/\/www.fc-ostheim.de eMail: buero(at)fc-ostheim.de Amtsgericht Hanau, VR 410 Steuernummer 022 250 <a class=\"more-link\" href=\"https:\/\/www.fc-ostheim.de\/?page_id=18\">weiterlesen&#8230;<\/a><\/p>\n","protected":false},"author":1,"featured_media":0,"parent":0,"menu_order":12,"comment_status":"closed","ping_status":"closed","template":"","meta":{"footnotes":""},"class_list":["post-18","page","type-page","status-publish","hentry"],"_links":{"self":[{"href":"https:\/\/www.fc-ostheim.de\/index.php?rest_route=\/wp\/v2\/pages\/18","targetHints":{"allow":["GET"]}}],"collection":[{"href":"https:\/\/www.fc-ostheim.de\/index.php?rest_route=\/wp\/v2\/pages"}],"about":[{"href":"https:\/\/www.fc-ostheim.de\/index.php?rest_route=\/wp\/v2\/types\/page"}],"author":[{"embeddable":true,"href":"https:\/\/www.fc-ostheim.de\/index.php?rest_route=\/wp\/v2\/users\/1"}],"replies":[{"embeddable":true,"href":"https:\/\/www.fc-ostheim.de\/index.php?rest_route=%2Fwp%2Fv2%2Fcomments&post=18"}],"version-history":[{"count":47,"href":"https:\/\/www.fc-ostheim.de\/index.php?rest_route=\/wp\/v2\/pages\/18\/revisions"}],"predecessor-version":[{"id":8827,"href":"https:\/\/www.fc-ostheim.de\/index.php?rest_route=\/wp\/v2\/pages\/18\/revisions\/8827"}],"wp:attachment":[{"href":"https:\/\/www.fc-ostheim.de\/index.php?rest_route=%2Fwp%2Fv2%2Fmedia&parent=18"}],"curies":[{"name":"wp","href":"https:\/\/api.w.org\/{rel}","templated":true}]}}